{"id":3,"date":"2021-07-12T16:39:47","date_gmt":"2021-07-12T19:39:47","guid":{"rendered":"http:\/\/t-facilita.com.br\/?page_id=3"},"modified":"2021-07-20T14:02:05","modified_gmt":"2021-07-20T17:02:05","slug":"politica-de-privacidade","status":"publish","type":"page","link":"https:\/\/t-facilita.com.br\/index.php\/politica-de-privacidade\/","title":{"rendered":"Pol\u00edtica de privacidade"},"content":{"rendered":"\n<p>Pol\u00edtica de Privacidade e Cookie<\/p>\n\n\n\n<p>POL\u00cdTICA DE PRIVACIDADE PARA T-Facilita<\/p>\n\n\n\n<p>A T-Facilita proporciona um ambiente de navega\u00e7\u00e3o seguro em todas as suas p\u00e1ginas, incluindo a finaliza\u00e7\u00e3o do pedido, inclus\u00e3o de dados do cliente e dados de pagamento. Nosso site possui certifica\u00e7\u00e3o de seguran\u00e7a SSL emitida por empresa certificadora confi\u00e1vel. O envio e recebimento de dados s\u00e3o criptografados, e a seguran\u00e7a pode ser verificada atrav\u00e9s de cadeado apresentado pelo seu navegador, geralmente na barra de endere\u00e7os, ou acessando o site de verifica\u00e7\u00e3o de seguran\u00e7a do Google.<\/p>\n\n\n\n<p>As transa\u00e7\u00f5es de pagamento que necessitam de envio de informa\u00e7\u00f5es, como dados de cart\u00e3o de cr\u00e9dito, s\u00e3o processadas dentro desse ambiente seguro tanto pela T-Facilita como pelas empresas respons\u00e1veis pelo processamento do mesmo, incluindo Mercado Pago, PagSeguro, PayPal, e-Rede, Ita\u00fa e Hotmart. Os dados de cart\u00f5es de cr\u00e9dito n\u00e3o s\u00e3o vis\u00edveis e n\u00e3o ficam dispon\u00edveis, sendo apenas processados virtualmente.<\/p>\n\n\n\n<p>Todas as suas informa\u00e7\u00f5es pessoais recolhidas, ser\u00e3o usadas para ajudar a tornar a sua visita em nosso site\/loja o mais produtiva e agrad\u00e1vel poss\u00edvel.<br>A garantia da confidencialidade dos dados pessoais dos utilizadores do nosso site \u00e9 importante para o T-Facilita e todas as informa\u00e7\u00f5es pessoais relativas a membros, assinantes, clientes ou visitantes que usem a plataforma T-Facilita ser\u00e3o tratadas em concord\u00e2ncia com a Lei da Prote\u00e7\u00e3o de Dados Pessoais de 26 de outubro de 1998 (Lei n.\u00ba 67\/98).<\/p>\n\n\n\n<p>A informa\u00e7\u00e3o pessoal recolhida pode incluir o seu nome, e-mail, n\u00famero de telefone e\/ou telem\u00f3vel, morada, data de nascimento e\/ou outros.<br>O uso do Site T-Facilita pressup\u00f5e a aceita\u00e7\u00e3o deste acordo de privacidade. A equipe T-Facilita reserva-se ao direito de alterar este acordo sem aviso pr\u00e9vio. Deste modo, recomendamos que consulte a nossa pol\u00edtica de privacidade com regularidade de forma a estar sempre atualizado.<\/p>\n\n\n\n<p>Quais dados pessoais coletamos e porque?<\/p>\n\n\n\n<p>Coment\u00e1rios<br>Quando os visitantes deixam coment\u00e1rios no site, coletamos os dados mostrados no formul\u00e1rio de coment\u00e1rios, al\u00e9m do endere\u00e7o de IP e de dados do navegador do visitante, para auxiliar na detec\u00e7\u00e3o de spam.<br>Uma sequ\u00eancia anonimizada de caracteres criada a partir do seu e-mail (tamb\u00e9m chamada de hash) poder\u00e1 ser enviada para o Gravatar para verificar se voc\u00ea usa o servi\u00e7o. A pol\u00edtica de privacidade do Gravatar est\u00e1 dispon\u00edvel aqui: https:\/\/automattic.com\/privacy\/. Depois da aprova\u00e7\u00e3o do seu coment\u00e1rio, a foto do seu perfil fica vis\u00edvel publicamente junto de seu coment\u00e1rio.<\/p>\n\n\n\n<p>M\u00eddia<br>Se voc\u00ea envia imagens para o site, evite enviar as que contenham dados de localiza\u00e7\u00e3o incorporados (EXIF GPS). Visitantes podem baixar estas imagens do site e extrair delas seus dados de localiza\u00e7\u00e3o.<\/p>\n\n\n\n<p>Formul\u00e1rios de contato<br>Cookies<br>Ao deixar um coment\u00e1rio no site, voc\u00ea poder\u00e1 optar por salvar seu nome, e-mail e site nos cookies. Isso visa seu conforto, assim voc\u00ea n\u00e3o precisar\u00e1 preencher seus dados novamente quando fizer outro coment\u00e1rio. Estes cookies duram um ano.<\/p>\n\n\n\n<p>Se voc\u00ea tem uma conta e acessa este site, um cookie tempor\u00e1rio ser\u00e1 criado para determinar se seu navegador aceita cookies. Ele n\u00e3o cont\u00e9m nenhum dado pessoal e ser\u00e1 descartado quando voc\u00ea fechar seu navegador.<\/p>\n\n\n\n<p>Quando voc\u00ea acessa sua conta no site, tamb\u00e9m criamos v\u00e1rios cookies para salvar os dados da sua conta e suas escolhas de exibi\u00e7\u00e3o de tela. Cookies de login s\u00e3o mantidos por dois dias e cookies de op\u00e7\u00f5es de tela por um ano. Se voc\u00ea selecionar \u201cLembrar-me\u201d, seu acesso ser\u00e1 mantido por duas semanas. Se voc\u00ea se desconectar da sua conta, os cookies de login ser\u00e3o removidos.<br>Se voc\u00ea editar ou publicar um artigo, um cookie adicional ser\u00e1 salvo no seu navegador. Este cookie n\u00e3o inclui nenhum dado pessoal e simplesmente indica o ID do post referente ao artigo que voc\u00ea acabou de editar. Ele expira depois de 1 dia.<\/p>\n\n\n\n<p>M\u00eddia incorporada de outros sites<\/p>\n\n\n\n<p>Artigos neste site podem incluir conte\u00fado incorporado como, por exemplo, v\u00eddeos, imagens, artigos, etc. Conte\u00fados incorporados de outros sites se comportam exatamente da mesma forma como se o visitante estivesse visitando o outro site.<br>Estes sites podem coletar dados sobre voc\u00ea, usar cookies, incorporar rastreamento adicional de terceiros e monitorar sua intera\u00e7\u00e3o com este conte\u00fado incorporado, incluindo sua intera\u00e7\u00e3o com o conte\u00fado incorporado se voc\u00ea tem uma conta e est\u00e1 conectado com o site.<\/p>\n\n\n\n<p>An\u00e1lises<br>Com quem partilhamos seus dados?<br>Suas informa\u00e7\u00f5es pessoais est\u00e3o protegidas. N\u00e3o vendemos ou comercializamos informa\u00e7\u00f5es que possam identific\u00e1-lo.&nbsp;Tamb\u00e9m n\u00e3o compartilhamos ou transferimos de nenhuma outra forma suas informa\u00e7\u00f5es pessoais para terceiros, com exce\u00e7\u00e3o dos prestadores de servi\u00e7os (terceiros que contratamos para fornecer um servi\u00e7o seguindo nossas instru\u00e7\u00f5es), parceiros comerciais, outras empresas do nosso grupo, outros usu\u00e1rios, autoridades competentes, entre outros.<\/p>\n\n\n\n<p>Por quanto tempo mantemos os seus dados?<br>Se voc\u00ea deixar um coment\u00e1rio, o coment\u00e1rio e os seus metadados s\u00e3o conservados indefinidamente. Fazemos isso para que seja poss\u00edvel reconhecer e aprovar automaticamente qualquer coment\u00e1rio posterior ao inv\u00e9s de ret\u00ea-lo para modera\u00e7\u00e3o.<br>Para usu\u00e1rios que se registram no nosso site (se houver), tamb\u00e9m guardamos as informa\u00e7\u00f5es pessoais que fornecem no seu perfil de usu\u00e1rio. Todos os usu\u00e1rios podem ver, editar ou excluir suas informa\u00e7\u00f5es pessoais a qualquer momento (s\u00f3 n\u00e3o \u00e9 poss\u00edvel alterar o seu username). Os administradores de sites tamb\u00e9m podem ver e editar estas informa\u00e7\u00f5es. Mantemos seus dados apenas pelo tempo necess\u00e1rio para facilitar o uso dos nossos produtos. Depois disso, eles s\u00e3o apagados ou anonimizados.<\/p>\n\n\n\n<p>Quais os seus direitos sobre seus dados?<br>Se voc\u00ea tiver uma conta neste site ou se tiver deixado coment\u00e1rios, pode solicitar um arquivo exportado dos dados pessoais que mantemos sobre voc\u00ea, inclusive quaisquer dados que nos tenha fornecido. Tamb\u00e9m pode solicitar que removamos qualquer dado pessoal que mantemos sobre voc\u00ea. Isto n\u00e3o inclui nenhuns dados que somos obrigados a manter para prop\u00f3sitos administrativos, legais ou de seguran\u00e7a.<\/p>\n\n\n\n<p>Para onde enviamos seus dados?<br>Coment\u00e1rios de visitantes podem ser marcados por um servi\u00e7o autom\u00e1tico de detec\u00e7\u00e3o de spam.<\/p>\n\n\n\n<p>Suas informa\u00e7\u00f5es de contato &#8211; Formas pelas quais coletamos suas informa\u00e7\u00f5es:<br>Quando voc\u00ea se cadastra ou fornece informa\u00e7\u00f5es usando a plataforma.<br>Automaticamente, como quando voc\u00ea navega nas nossas p\u00e1ginas.<br>De fontes confi\u00e1veis (prestadores de servi\u00e7os ou parceiros de neg\u00f3cios com quem trabalhamos, ag\u00eancias de cr\u00e9dito, \u00f3rg\u00e3os p\u00fablicos).<\/p>\n\n\n\n<p>Tipos de dados que coletamos:<\/p>\n\n\n\n<ul class=\"wp-block-list\"><li>Apelido ou pseud\u00f4nimo.<\/li><li>Nome e foto.<\/li><li>Identifica\u00e7\u00e3o.<\/li><li>Informa\u00e7\u00f5es de contato (n\u00famero de telefone, endere\u00e7o, e-mail etc.).<\/li><li>Dados patrimoniais e financeiros<\/li><li>Meios de pagamento.<\/li><li>Direitos de propriedade intelectual.<\/li><li>Informa\u00e7\u00f5es do dispositivo atrav\u00e9s do qual voc\u00ea acessa e endere\u00e7o IP.<\/li><li>Listas de contatos.<\/li><li>Links entre contas e usu\u00e1rios.<\/li><li>Informa\u00e7\u00f5es e movimenta\u00e7\u00f5es transacionais dentro das nossas plataformas.<\/li><li>Informa\u00e7\u00f5es sobre sua localiza\u00e7\u00e3o.<\/li><li>Certas informa\u00e7\u00f5es sobre a atividade e as prefer\u00eancias dos usu\u00e1rios e visitantes no nosso site e os aplicativos dos nossos servi\u00e7os.<\/li><li>Informa\u00e7\u00f5es adicionais de Publicidade, cookies e outras tecnologias.<\/li><li>Podemos usar \u201ccookies\u201d e outras tecnologias de rastreamento (por exemplo, \u201cweb beacons\u201d) para conhecer seus interesses, as p\u00e1ginas que voc\u00ea navegou, seus padr\u00f5es de tr\u00e1fego e seu comportamento. Assim, podemos oferecer um servi\u00e7o melhor e tamb\u00e9m conte\u00fado e publicidade que sejam do seu interesse.<\/li><li>Voc\u00ea pode desativar cookies e web beacons a qualquer momento ou cancelar a inscri\u00e7\u00e3o para receber nossos e-mails promocionais.&nbsp;Por\u00e9m, ao desativar essas tecnologias, talvez voc\u00ea n\u00e3o consiga usar e aproveitar todos os recursos que oferecemos.<\/li><li>O procedimento para desativar \u00e9 diferente para cada navegador; voc\u00ea precisar\u00e1 fazer isso em cada um dos que usa:<\/li><li>Google Chrome<\/li><li>Mozilla Firefox<\/li><li>Safari<\/li><li>Internet Explorer<\/li><li>Microsoft Edge<\/li><li>Opera<\/li><\/ul>\n\n\n\n<p>Como protegemos seus dados?<br>Nos esfor\u00e7amos para processar informa\u00e7\u00f5es de qualidade, precisas e atualizadas. Por exemplo, salvamos suas informa\u00e7\u00f5es e atualizamos em todas as nossas plataformas, suas compras chegam corretamente e voc\u00ea economiza tempo nos formul\u00e1rios. Protegemos seus dados pessoais com o mais alto padr\u00e3o de seguran\u00e7a. N\u00e3o comercializamos seus dados.<\/p>\n\n\n\n<p>Quais s\u00e3o nossos procedimentos contra viola\u00e7\u00e3o de dados?<br>Voc\u00ea tem o direito de&nbsp;Acesso,&nbsp;Atualiza\u00e7\u00e3o, corrija e tenha confidencialidade sobre suas informa\u00e7\u00f5es pessoais. Voc\u00ea tamb\u00e9m pode nos pedir para parar de enviar an\u00fancios, ofertas e promo\u00e7\u00f5es,&nbsp;excluir seus dados&nbsp;e opor-se a n\u00f3s usando seus dados para um ou mais prop\u00f3sitos.Cada legisla\u00e7\u00e3o prev\u00ea esses direitos de forma diferente, por isso recomendamos que voc\u00ea leia o anexo que corresponde ao pa\u00eds onde voc\u00ea vive.<br>Pode acontecer que, como cumprimos algo declarado na declara\u00e7\u00e3o de privacidade ou por dever legal, talvez tenhamos que armazenar algumas de suas informa\u00e7\u00f5es pessoais que voc\u00ea nos pediu para excluir. Depois que esses requisitos forem atendidos, excluiremos suas informa\u00e7\u00f5es.<\/p>\n\n\n\n<p>A privacidade online requer trabalho conjunto entre empresas e usu\u00e1rios. Temos fortes medidas de seguran\u00e7a para proteger suas informa\u00e7\u00f5es,&nbsp;precisamos que voc\u00ea cuide de sua privacidade, tamb\u00e9m.<br>Se voc\u00ea quiser fazer uma reclama\u00e7\u00e3o sobre como processamos seus dados pessoais, voc\u00ea pode entrar em contato com a autoridade de supervis\u00e3o apropriada em seu pa\u00eds.<\/p>\n\n\n\n<p>De quais terceiros n\u00f3s recebemos dados?<br>N\u00e3o recebe dados de terceiros.<\/p>\n\n\n\n<p>Quais tomadas de decis\u00e3o ou an\u00e1lises de perfil automatizadas fazemos com os dados de usu\u00e1rios?<\/p>\n\n\n\n<p>O processamento das suas informa\u00e7\u00f5es \u00e9 a base para oferecer um excelente servi\u00e7o, para que voc\u00ea possa realizar opera\u00e7\u00f5es com rapidez e seguran\u00e7a e ter funcionalidades adaptadas \u00e0s suas necessidades.<\/p>\n\n\n\n<p>Alguns dos prop\u00f3sitos para os quais processamos seus dados:<br>Oferecer produtos, servi\u00e7os e\/ou benef\u00edcios oferecidos por nossas plataformas: Classificados, Publicidade, Email Marketing e etc.<\/p>\n\n\n\n<p>Aprimorar nossos servi\u00e7os, desenvolver novos servi\u00e7os e oferecer uma melhor experi\u00eancia no ecossistema da nossa plataforma.<br>Divulgar an\u00fancios e contatos promocionais e de publicidade adaptados aos seus interesses.<\/p>\n\n\n\n<p>Evitar fraudes, abusos e crimes, visando garantir a sua seguran\u00e7a e a sustentabilidade de todo o ecossistema.<br>Proteger seus direitos, os direitos de outros usu\u00e1rios ou os direitos da nossa empresa.<br>Colaborar com os titulares de direitos de propriedade intelectual.<br>Cumprir as obriga\u00e7\u00f5es e requisitos legais das autoridades competentes.<br>Altera\u00e7\u00f5es na declara\u00e7\u00e3o de privacidade.<\/p>\n\n\n\n<p>Se fizermos altera\u00e7\u00f5es na forma como tratamos seus dados, notificaremos voc\u00ea pelos canais habituais, como e-mail ou mensagens atrav\u00e9s dos aplicativos nas nossas plataformas. Nos casos em que precisamos da sua aprova\u00e7\u00e3o, vamos notific\u00e1-lo por estes meios para que voc\u00ea possa decidir se concorda ou n\u00e3o.<\/p>\n","protected":false},"excerpt":{"rendered":"<p>Pol\u00edtica de Privacidade e Cookie POL\u00cdTICA DE PRIVACIDADE PARA T-Facilita A T-Facilita proporciona um ambiente de navega\u00e7\u00e3o seguro em todas as suas p\u00e1ginas, incluindo a finaliza\u00e7\u00e3o do pedido, inclus\u00e3o de dados do cliente e dados de pagamento. Nosso site possui certifica\u00e7\u00e3o de seguran\u00e7a SSL emitida por empresa certificadora confi\u00e1vel. O envio e recebimento de dados [&hellip;]<\/p>\n","protected":false},"author":1,"featured_media":0,"parent":0,"menu_order":0,"comment_status":"closed","ping_status":"open","template":"","meta":{"footnotes":""},"class_list":["post-3","page","type-page","status-publish","hentry"],"blocksy_meta":{"styles_descriptor":{"styles":{"desktop":"","tablet":"","mobile":""},"google_fonts":[],"version":6},"page_title_panel":"","has_hero_section":"default","f0cda84a43b8b108f7db86cb97fe4018":"","hero_section":"type-1","hero_elements":[{"id":"custom_title","enabled":true,"heading_tag":"h1","title":"P\u00e1gina inicial"},{"id":"custom_description","enabled":true,"description_visibility":{"desktop":true,"tablet":true,"mobile":false}},{"id":"custom_meta","enabled":false,"meta_elements":[{"id":"author","enabled":true,"label":"Por","has_author_avatar":"yes","avatar_size":25},{"id":"post_date","enabled":true,"label":"Em","date_format_source":"default","date_format":"M j, Y"},{"id":"comments","enabled":true}],"page_meta_elements":{"joined":true,"articles_count":true,"comments":true}},{"id":"breadcrumbs","enabled":false}],"cc6fdbf427a0c8bdd7474d6521bcf7cb":"","hero_alignment1":"CT_CSS_SKIP_RULE","hero_margin":40,"hero_alignment2":"center","hero_vertical_alignment":"center","ffab20027b9d8bf0d41a12122bbaa67c":"","hero_structure":"narrow","81501b3fa76b7efced56398cc05c590d":"","page_title_bg_type":"featured_image","custom_hero_background":{"attachment_id":null},"parallax":{"desktop":false,"tablet":false,"mobile":false},"15b6759fe6cabffcf44267cd34200b97":"","hero_height":"250px","pageTitleFont":{"family":"Default","variation":"Default","size":{"desktop":"32px","tablet":"30px","mobile":"25px"},"line-height":"CT_CSS_SKIP_RULE","letter-spacing":"CT_CSS_SKIP_RULE","text-transform":"CT_CSS_SKIP_RULE","text-decoration":"CT_CSS_SKIP_RULE"},"pageTitleFontColor":{"default":{"color":"CT_CSS_SKIP_RULEDEFAULT"}},"6c9a8f87bebafbaaa84117320c73a118":"","pageMetaFont":{"family":"Default","variation":"n6","size":"12px","line-height":"1.3","letter-spacing":"CT_CSS_SKIP_RULE","text-transform":"uppercase","text-decoration":"CT_CSS_SKIP_RULE"},"pageMetaFontColor":{"default":{"color":"CT_CSS_SKIP_RULEDEFAULT"},"hover":{"color":"CT_CSS_SKIP_RULEDEFAULT"}},"page_meta_button_type_font_colors":{"default":{"color":"CT_CSS_SKIP_RULEDEFAULT"},"hover":{"color":"CT_CSS_SKIP_RULEDEFAULT"}},"page_meta_button_type_background_colors":{"default":{"color":"CT_CSS_SKIP_RULEDEFAULT"},"hover":{"color":"CT_CSS_SKIP_RULEDEFAULT"}},"95fd7a8c9cda5fb5c520c8ef885dab57":"","pageExcerptFont":{"family":"Default","variation":"Default","size":"CT_CSS_SKIP_RULE","line-height":"CT_CSS_SKIP_RULE","letter-spacing":"CT_CSS_SKIP_RULE","text-transform":"CT_CSS_SKIP_RULE","text-decoration":"CT_CSS_SKIP_RULE"},"pageExcerptColor":{"default":{"color":"CT_CSS_SKIP_RULEDEFAULT"}},"bc3c9d1e12edffd46df3ef22032e9941":"","breadcrumbsFont":{"family":"Default","variation":"n6","size":"12px","line-height":"CT_CSS_SKIP_RULE","letter-spacing":"CT_CSS_SKIP_RULE","text-transform":"uppercase","text-decoration":"CT_CSS_SKIP_RULE"},"breadcrumbsFontColor":{"default":{"color":"CT_CSS_SKIP_RULEDEFAULT"},"initial":{"color":"CT_CSS_SKIP_RULEDEFAULT"},"hover":{"color":"CT_CSS_SKIP_RULEDEFAULT"}},"068a6af3b9d7791fd2edb7db573180ce":"","pageTitleOverlay":{"default":{"color":"CT_CSS_SKIP_RULE"}},"a3f2dd43e418991390086f9d1aa64001":"","pageTitleBackground":{"background_type":"color","background_pattern":"type-1","background_image":{"attachment_id":null,"x":0,"y":0},"gradient":"linear-gradient(135deg,rgba(6,147,227,1) 0%,rgb(155,81,224) 100%)","background_repeat":"no-repeat","background_size":"auto","background_attachment":"scroll","patternColor":{"default":{"color":"#e5e7ea"}},"overlayColor":{"default":{"color":"CT_CSS_SKIP_RULE"}},"backgroundColor":{"default":{"color":"var(--theme-palette-color-6)"}}},"fdccf4097affa65ae38893f5b15f207d":"","pageTitlePadding":{"top":"50px","bottom":"50px","left":"auto","right":"auto","linked":true},"cc7b575d9ff899ea0d08939e349d30cf":"","page_structure_type":"type-3","45e6fe121cfaca5b420b91e513f556a7":"","content_style_source":"inherit","content_style":"wide","vertical_spacing_source":"inherit","content_area_spacing":"both","background":{"background_type":"color","background_pattern":"type-1","background_image":{"attachment_id":null,"x":0,"y":0},"gradient":"linear-gradient(135deg,rgba(6,147,227,1) 0%,rgb(155,81,224) 100%)","background_repeat":"no-repeat","background_size":"auto","background_attachment":"scroll","patternColor":{"default":{"color":"#e5e7ea"}},"overlayColor":{"default":{"color":"CT_CSS_SKIP_RULE"}},"backgroundColor":{"default":{"color":"CT_CSS_SKIP_RULE"}}},"content_background":{"background_type":"color","background_pattern":"type-1","background_image":{"attachment_id":null,"x":0,"y":0},"gradient":"linear-gradient(135deg,rgba(6,147,227,1) 0%,rgb(155,81,224) 100%)","background_repeat":"no-repeat","background_size":"auto","background_attachment":"scroll","patternColor":{"default":{"color":"#e5e7ea"}},"overlayColor":{"default":{"color":"CT_CSS_SKIP_RULE"}},"backgroundColor":{"default":{"color":"var(--theme-palette-color-8)"}}},"content_boxed_shadow":{"inherit":false,"blur":18,"spread":-6,"v_offset":12,"h_offset":0,"inset":false,"enable":true,"color":{"color":"rgba(34, 56, 101, 0.04)"}},"boxed_content_spacing":{"desktop":{"top":"40px","bottom":"40px","left":"40px","right":"40px","linked":true},"tablet":{"top":"35px","bottom":"35px","left":"35px","right":"35px","linked":true},"mobile":{"top":"20px","bottom":"20px","left":"20px","right":"20px","linked":true}},"content_boxed_radius":{"top":"3px","bottom":"3px","left":"3px","right":"3px","linked":true},"26539d74bbc8e87a1b0229a7f9d87b16":"","disable_featured_image":"no","disable_header":"no","disable_footer":"no"},"_links":{"self":[{"href":"https:\/\/t-facilita.com.br\/index.php\/wp-json\/wp\/v2\/pages\/3","targetHints":{"allow":["GET"]}}],"collection":[{"href":"https:\/\/t-facilita.com.br\/index.php\/wp-json\/wp\/v2\/pages"}],"about":[{"href":"https:\/\/t-facilita.com.br\/index.php\/wp-json\/wp\/v2\/types\/page"}],"author":[{"embeddable":true,"href":"https:\/\/t-facilita.com.br\/index.php\/wp-json\/wp\/v2\/users\/1"}],"replies":[{"embeddable":true,"href":"https:\/\/t-facilita.com.br\/index.php\/wp-json\/wp\/v2\/comments?post=3"}],"version-history":[{"count":2,"href":"https:\/\/t-facilita.com.br\/index.php\/wp-json\/wp\/v2\/pages\/3\/revisions"}],"predecessor-version":[{"id":120,"href":"https:\/\/t-facilita.com.br\/index.php\/wp-json\/wp\/v2\/pages\/3\/revisions\/120"}],"wp:attachment":[{"href":"https:\/\/t-facilita.com.br\/index.php\/wp-json\/wp\/v2\/media?parent=3"}],"curies":[{"name":"wp","href":"https:\/\/api.w.org\/{rel}","templated":true}]}}